{"id":11,"date":"2017-03-23T13:41:31","date_gmt":"2017-03-23T13:41:31","guid":{"rendered":"http:\/\/hypersauna.com\/?page_id=11"},"modified":"2017-05-17T12:21:44","modified_gmt":"2017-05-17T12:21:44","slug":"quality","status":"publish","type":"page","link":"https:\/\/hypersauna.com\/fr\/quality\/","title":{"rendered":"Qualit\u00e9"},"content":{"rendered":"<h1>Qualit\u00e9 finlandaise<\/h1>\n<p>La Finlande est connue comme \u00e9tant un pays de saunas pour une bonne raison. Un fait int\u00e9ressant refl\u00e8te cette passion :  la nation dispose de plus de saunas que de voitures.<br \/>\nCette position  vous garantira la meilleure qualit\u00e9, y compris: <\/p>\n<div class=\"qualities-container\">\n\t\t<div class=\"quality\">\n\t\t<img decoding=\"async\" src=\"https:\/\/hypersauna.com\/wp-content\/uploads\/2017\/03\/design.png\">\n\t\t<p>Une conception unique qui cr\u00e9e une ambiance familiale tr\u00e8s confortable, voire un environnement de luxe<\/p>\n\t<\/div>\n\t\t<div class=\"quality\">\n\t\t<img decoding=\"async\" src=\"https:\/\/hypersauna.com\/wp-content\/uploads\/2017\/03\/quality.png\">\n\t\t<p>Une excellente formule de  qualit\u00e9: une conception  artisanale,une exp\u00e9rience finlandaise authentique  et un \u00e9quipement de haute qualit\u00e9<\/p>\n\t<\/div>\n\t\t<div class=\"quality\">\n\t\t<img decoding=\"async\" src=\"https:\/\/hypersauna.com\/wp-content\/uploads\/2017\/03\/standards.png\">\n\t\t<p>Conformit\u00e9 aux normes \u00e0 chaque \u00e9tape d'un projet afin d\u2019obtenir les meilleurs des r\u00e9sultats, tr\u00e8s appr\u00e9ci\u00e9s par nos clients<\/p>\n\t<\/div>\n\t<\/div>\n\n<h1>Bon \u00e0 savoir &#8211; avantages pour le corps et l&rsquo;\u00e2me<\/h1>\n<p>Une fois que vous choisissez un sauna avec le meilleur \u00e9quilibre de chaleur et d&rsquo;humidit\u00e9, apprendre quelque chose au sujet de ses avantages pour votre corps vaut vraiment la peine<br \/>\nApr\u00e8s 10-20 minutes dans le sauna, le rythme cardiaque d&rsquo;une personne augmente de 50 \u00e0 70%, l\u2019\u00e9quivalent \u00e0  une heure d&rsquo;exercice physique. En passant 30 minutes dans le sauna, vous br\u00fblez jusqu&rsquo;\u00e0 400 calories! En outre, cela permettra d&rsquo;acc\u00e9l\u00e9rer la circulation des nutriments dans votre corps et de favoriser la perte de liquides par une transpiration intense. Cependant, cette perte d&rsquo;humidit\u00e9  doit \u00eatre restaur\u00e9e, alors assurez-vous de boire beaucoup de liquide <br \/>\nLa transpiration am\u00e9liore la fonction du foie et des reins, qui sont responsables du filtrage dans notre corps \u2013 particuli\u00e8rement  en hiver, lorsque nous transpirons beaucoup moins qu&rsquo;en \u00e9t\u00e9. Le sauna est \u00e9galement a un avantage \u00e9stitique sur la peau.<\/p>\n","protected":false},"excerpt":{"rendered":"<p>Qualit\u00e9 finlandaise La Finlande est connue comme \u00e9tant un pays de saunas pour une bonne raison. Un fait int\u00e9ressant refl\u00e8te cette passion : la nation dispose de plus de saunas que de voitures. Cette position vous garantira la meilleure qualit\u00e9, y compris: Bon \u00e0 savoir &#8211; avantages pour le corps et l&rsquo;\u00e2me Une fois que [&hellip;]<\/p>\n","protected":false},"author":4,"featured_media":0,"parent":0,"menu_order":0,"comment_status":"closed","ping_status":"closed","template":"page-notitle.php","meta":{"_acf_changed":false,"om_disable_all_campaigns":false,"_monsterinsights_skip_tracking":false,"_monsterinsights_sitenote_active":false,"_monsterinsights_sitenote_note":"","_monsterinsights_sitenote_category":0,"footnotes":""},"class_list":["post-11","page","type-page","status-publish","hentry"],"translation":{"provider":"WPGlobus","version":"3.0.1","language":"fr","enabled_languages":["en","fr","ar"],"languages":{"en":{"title":true,"content":true,"excerpt":false},"fr":{"title":true,"content":true,"excerpt":false},"ar":{"title":true,"content":true,"excerpt":false}}},"acf":[],"aioseo_notices":[],"_links":{"self":[{"href":"https:\/\/hypersauna.com\/fr\/wp-json\/wp\/v2\/pages\/11","targetHints":{"allow":["GET"]}}],"collection":[{"href":"https:\/\/hypersauna.com\/fr\/wp-json\/wp\/v2\/pages"}],"about":[{"href":"https:\/\/hypersauna.com\/fr\/wp-json\/wp\/v2\/types\/page"}],"author":[{"embeddable":true,"href":"https:\/\/hypersauna.com\/fr\/wp-json\/wp\/v2\/users\/4"}],"replies":[{"embeddable":true,"href":"https:\/\/hypersauna.com\/fr\/wp-json\/wp\/v2\/comments?post=11"}],"version-history":[{"count":13,"href":"https:\/\/hypersauna.com\/fr\/wp-json\/wp\/v2\/pages\/11\/revisions"}],"predecessor-version":[{"id":426,"href":"https:\/\/hypersauna.com\/fr\/wp-json\/wp\/v2\/pages\/11\/revisions\/426"}],"wp:attachment":[{"href":"https:\/\/hypersauna.com\/fr\/wp-json\/wp\/v2\/media?parent=11"}],"curies":[{"name":"wp","href":"https:\/\/api.w.org\/{rel}","templated":true}]}}