{"id":7,"date":"2017-03-23T13:41:08","date_gmt":"2017-03-23T13:41:08","guid":{"rendered":"http:\/\/hypersauna.com\/?page_id=7"},"modified":"2017-05-17T12:20:37","modified_gmt":"2017-05-17T12:20:37","slug":"home","status":"publish","type":"page","link":"https:\/\/hypersauna.com\/fr\/","title":{"rendered":"Accueil"},"content":{"rendered":"<h1>Produits<\/h1>\n<p>Une excellente formule de qualit\u00e9: une conception artisanale, une exp\u00e9rience finlandaise authentique  et un \u00e9quipement de haute qualit\u00e9.<br \/>\n<a href=\"https:\/\/hypersauna.com\/fr\/products\/\"><button class=\"btn white\">Consulter<\/button><\/a><\/p>\n","protected":false},"excerpt":{"rendered":"<p>Produits Une excellente formule de qualit\u00e9: une conception artisanale, une exp\u00e9rience finlandaise authentique et un \u00e9quipement de haute qualit\u00e9. Consulter<\/p>\n","protected":false},"author":4,"featured_media":74,"parent":0,"menu_order":0,"comment_status":"closed","ping_status":"closed","template":"page-home.php","meta":{"_acf_changed":false,"om_disable_all_campaigns":false,"_monsterinsights_skip_tracking":false,"_monsterinsights_sitenote_active":false,"_monsterinsights_sitenote_note":"","_monsterinsights_sitenote_category":0,"footnotes":""},"class_list":["post-7","page","type-page","status-publish","has-post-thumbnail","hentry"],"translation":{"provider":"WPGlobus","version":"3.0.1","language":"fr","enabled_languages":["en","fr","ar"],"languages":{"en":{"title":true,"content":true,"excerpt":false},"fr":{"title":true,"content":true,"excerpt":false},"ar":{"title":true,"content":true,"excerpt":false}}},"acf":[],"aioseo_notices":[],"_links":{"self":[{"href":"https:\/\/hypersauna.com\/fr\/wp-json\/wp\/v2\/pages\/7","targetHints":{"allow":["GET"]}}],"collection":[{"href":"https:\/\/hypersauna.com\/fr\/wp-json\/wp\/v2\/pages"}],"about":[{"href":"https:\/\/hypersauna.com\/fr\/wp-json\/wp\/v2\/types\/page"}],"author":[{"embeddable":true,"href":"https:\/\/hypersauna.com\/fr\/wp-json\/wp\/v2\/users\/4"}],"replies":[{"embeddable":true,"href":"https:\/\/hypersauna.com\/fr\/wp-json\/wp\/v2\/comments?post=7"}],"version-history":[{"count":17,"href":"https:\/\/hypersauna.com\/fr\/wp-json\/wp\/v2\/pages\/7\/revisions"}],"predecessor-version":[{"id":431,"href":"https:\/\/hypersauna.com\/fr\/wp-json\/wp\/v2\/pages\/7\/revisions\/431"}],"wp:featuredmedia":[{"embeddable":true,"href":"https:\/\/hypersauna.com\/fr\/wp-json\/wp\/v2\/media\/74"}],"wp:attachment":[{"href":"https:\/\/hypersauna.com\/fr\/wp-json\/wp\/v2\/media?parent=7"}],"curies":[{"name":"wp","href":"https:\/\/api.w.org\/{rel}","templated":true}]}}