{"id":9,"date":"2017-03-23T13:41:22","date_gmt":"2017-03-23T13:41:22","guid":{"rendered":"http:\/\/hypersauna.com\/?page_id=9"},"modified":"2022-04-15T14:16:36","modified_gmt":"2022-04-15T14:16:36","slug":"about-us","status":"publish","type":"page","link":"https:\/\/hypersauna.com\/fr\/about-us\/","title":{"rendered":"About us"},"content":{"rendered":"<h1>\u00c0 propos de nous<\/h1>\n<p>Nous sommes une \u00e9quipe de professionnels du sauna. Hyper sauna est une entreprise finlandaise d&rsquo;Helsinki connue pour sa comp\u00e9tence \u00e0  offrir une atmosph\u00e8re id\u00e9ale  et s&rsquo;engage dans des normes de pointe et une pr\u00e9cision de travail artistique.<\/p>\n<p>Nos principales activit\u00e9s:<\/p>\n<ul>\n<li>Conception du Sauna<\/li>\n<li>Installation du Sauna<\/li>\n<li>Maintenance  et r\u00e9novation du Sauna<\/li>\n<li>Vente de mat\u00e9riel du Sauna<\/li>\n<li>Installation de douche et vente d&rsquo;appareils de salle de bains<\/li>\n<\/ul>\n<h1>Pourquoi nous choisir?<\/h1>\n<p>Nos professionnels ont de longues ann\u00e9es d&rsquo;exp\u00e9rience et de connaissances, nous permettant ainsi  de choisir les meilleurs produits de nombreux fabricants et de vous offrir une gamme de haute qualit\u00e9.<\/p>\n<p>Nos clients sont des personnes qui veulent avoir une exp\u00e9rience agr\u00e9able dans leurs saunas domestiques. Beaucoup de nos saunas sont install\u00e9s dans des h\u00f4tels, des complexes de spa, des clubs sportifs et d&rsquo;autres \u00e9tablissements.<\/p>\n<p>Nous collaborons \u00e9galement avec des architectes.<\/p>\n<p>Nous sommes actuellement actifs sur les march\u00e9s de l&rsquo;Afrique du Nord et du Moyen-Orient. Notre exp\u00e9rience dans diff\u00e9rents projets est un moteur \u00e0  notre succ\u00e8s aupr\u00e8s des  nouveaux clients.<\/p>\n","protected":false},"excerpt":{"rendered":"<p>\u00c0 propos de nous Nous sommes une \u00e9quipe de professionnels du sauna. Hyper sauna est une entreprise finlandaise d&rsquo;Helsinki connue pour sa comp\u00e9tence \u00e0 offrir une atmosph\u00e8re id\u00e9ale et s&rsquo;engage dans des normes de pointe et une pr\u00e9cision de travail artistique. Nos principales activit\u00e9s: Conception du Sauna Installation du Sauna Maintenance et r\u00e9novation du Sauna [&hellip;]<\/p>\n","protected":false},"author":4,"featured_media":0,"parent":0,"menu_order":0,"comment_status":"closed","ping_status":"closed","template":"page-about.php","meta":{"_acf_changed":false,"om_disable_all_campaigns":false,"_monsterinsights_skip_tracking":false,"_monsterinsights_sitenote_active":false,"_monsterinsights_sitenote_note":"","_monsterinsights_sitenote_category":0,"footnotes":""},"class_list":["post-9","page","type-page","status-publish","hentry"],"translation":{"provider":"WPGlobus","version":"3.0.1","language":"fr","enabled_languages":["en","fr","ar"],"languages":{"en":{"title":true,"content":true,"excerpt":false},"fr":{"title":false,"content":true,"excerpt":false},"ar":{"title":false,"content":true,"excerpt":false}}},"acf":[],"aioseo_notices":[],"_links":{"self":[{"href":"https:\/\/hypersauna.com\/fr\/wp-json\/wp\/v2\/pages\/9","targetHints":{"allow":["GET"]}}],"collection":[{"href":"https:\/\/hypersauna.com\/fr\/wp-json\/wp\/v2\/pages"}],"about":[{"href":"https:\/\/hypersauna.com\/fr\/wp-json\/wp\/v2\/types\/page"}],"author":[{"embeddable":true,"href":"https:\/\/hypersauna.com\/fr\/wp-json\/wp\/v2\/users\/4"}],"replies":[{"embeddable":true,"href":"https:\/\/hypersauna.com\/fr\/wp-json\/wp\/v2\/comments?post=9"}],"version-history":[{"count":27,"href":"https:\/\/hypersauna.com\/fr\/wp-json\/wp\/v2\/pages\/9\/revisions"}],"predecessor-version":[{"id":554,"href":"https:\/\/hypersauna.com\/fr\/wp-json\/wp\/v2\/pages\/9\/revisions\/554"}],"wp:attachment":[{"href":"https:\/\/hypersauna.com\/fr\/wp-json\/wp\/v2\/media?parent=9"}],"curies":[{"name":"wp","href":"https:\/\/api.w.org\/{rel}","templated":true}]}}